{"id":86,"date":"2012-05-29T09:24:14","date_gmt":"2012-05-29T09:24:14","guid":{"rendered":"http:\/\/www.geoconsult-mv.de\/?page_id=86"},"modified":"2023-02-11T10:06:52","modified_gmt":"2023-02-11T10:06:52","slug":"besonderes","status":"publish","type":"page","link":"https:\/\/www.geoconsult-mv.de\/?page_id=86","title":{"rendered":"Besonderes"},"content":{"rendered":"<div class=\"su-spoiler su-spoiler-style-fancy su-spoiler-icon-plus su-spoiler-closed\" data-scroll-offset=\"0\" data-anchor-in-url=\"no\"><div class=\"su-spoiler-title\" tabindex=\"0\" role=\"button\"><span class=\"su-spoiler-icon\"><\/span>Reisen nach D\u00e4nemark<\/div><div class=\"su-spoiler-content su-u-clearfix su-u-trim\">\n<p>Ein M\u00e4rchenland, direkt vor der Haust\u00fcr. Leider kennen die meisten es nur von der Durchreise. Leider deshalb, hat D\u00e4nemark doch mehr zu bieten, als \u201enur\u201c gl\u00fcckliche K\u00fche und Fischfilet\u2026<br \/>\nUnbekannte Regionen wie die \u201eD\u00e4nische S\u00fcdsee\u201c mit den Inseln Fyn, \u00c6r\u00f8 und Langeland sowie die \u00fcber die Zeit wechselnden Hauptst\u00e4dte bis zum heutigen Kopenhagen bieten Besuchern Ruhe, Gem\u00fctlichkeit und Entspannung, aber auch Kunst, Kultur und quirliges Stadtleben.<br \/>\nWir haben daher \u2013 auswahlweise \u2013 zwei Reisen nach D\u00e4nemark zusammengestellt; das Land ist zum Erleben gemacht und nicht zum raschen Durchreisen!<br \/>\nSchauen Sie sich folgende Reisen an. Gerne erarbeiten wir eine Reise nach Ihren W\u00fcnschen!<\/p>\n<p><strong>&#8218;Die D\u00e4nische S\u00fcdsee&#8216;<\/strong><br \/>\nBei langer Anreise Zwischen\u00fcbernachtung in Bordesholm mit anschlie\u00dfend leicht zeitlich variierendem Ablauf, dann sechs-\/sieben-Tage-Reise.<br \/>\nStandort Svendborg; Best Western Hotel Svendborg am Centrumsplads. Zustieg Reiseleitung Raum Hamburg\/Neum\u00fcnster (ggf. bei Zwischen\u00fcbernachtung in Bordesholm). Auslandsbegleitung EUR 170,00\/Tag; zzgl. Freiplatz EZ\/HP Reiseleiter; zzgl. Anfahrtspauschale Zustiegsort.<\/p>\n<p>1.Tag: Besuch Danev\u00e6rks, der alten d\u00e4nischen Befestigungsanlage bei Schleswig. Fahrt \u00fcber Flensburg zur Grenze nach D\u00e4nemark. Aufenthalt in S\u00f8nderborg. Weiter nach Fynshav zur F\u00e4hre und \u00fcbersetzen nach F\u00fcnen. Weiter nach Svendborg ins Hotel.<br \/>\n2.Rundfahrt durch die Inselwelt: Tassinge, Langeland und F\u00fcnen; Mittagsaufenthalt in Odense. AM Nachmittag Besuch von Schloss Egeskov.<br \/>\n3.Tag: Mit der F\u00e4hre nach \u00c6r\u00f8. Stadrundgang in \u00c6r\u00f8sk\u00f8bing und zur Nordspitze der Insel. Strandspaziergang (H\u00fchnerg\u00f6tter!) und Inselrundfahrt nach Marstal. Aufenthalt in der gr\u00f6\u00dften Stadt der Insel. Zur\u00fcck zur F\u00e4hre nach Svendborg.<br \/>\n4.Tag: \u00dcber die neue Belt-Br\u00fccke (Bus-Maut) nach Kopenhagen. Stadtrundfahrt mit Halt ab der \u201eKleinen Meerjungfrau\u201c; weiter mit der Stadtrundfahrt. Ausstieg am Tivoli\/der Fu\u00dfg\u00e4ngerzone mit Aufenthalt. Zur\u00fcck nach Svendborg.<br \/>\n5.Tag:Fahrt nach B\u00f8jden und F\u00e4hre nach Alsen. \u00dcber Flensburg zur\u00fcck zur Zwischen\u00fcbernachtung bzw. Heimreise.<br \/>\nBei Buchung f\u00fcr F\u00e4hren und Hotel sind wir gerne behilflich; dies gilt auch f\u00fcr die d\u00e4nische &#8222;Gr\u00fcne Plakette&#8220; (z.B. Einfahrt Kopenhagen).<br \/>\nF\u00fcr Egeskov empfehle ich das \u201eRundum-Ticket\u201c (ca. 30 Euro \/ Person); ist allemal sehenswert!<\/p>\n<p><strong>Die Hauptst\u00e4dte D\u00e4nemarks (Ablauf beispielhaft)<\/strong><br \/>\n\u00dcber die Jahrhunderte hatte DK vier Hauptst\u00e4dte: Jelling, Roskilde, Odense und heute Kopenhagen. Die Geschichte ist sehr interessant, geht man auf dieser Fahrt doch zur\u00fcck in die Wikingerzeit und Besucht D\u00e4nemark ab dem Jahre 900.<br \/>\n1.Tag: Anreise nach Bordesholm zur Zwischen\u00fcbernachtung.<br \/>\n2.Tag: Fahrt nach Danev\u00e6rk (Schleswig) mit einem kleinen Rundgang; weiter nach Dybb\u00f8l mit Ausstieg am Schauplatz des Krieges von 1864. Quer durch J\u00fctland nach Ribe (Dom und Altstadt) und sp\u00e4ter ins Hotel nach Kib\u00e6k.<br \/>\n3.Tag: Fahrt ins d\u00e4nische Seegebiet mit Schifffahrt in Silkeborg, Thema: Landeskunde\u2026 \u00dcber N\u00f8rre Snede nach Jelling (erste Hauptstadt D\u00e4nemarks ab ca. 950). F\u00fchrung durch die Anlage und Besuch des Museums. Weiter nach Fyn mit kleinem Rundgang und Aufenthalt in der dritten Hauptstadt des Landes: Odense. Sp\u00e4ter in Hotel nach Svendborg.<br \/>\n4.Tag: Fahrt \u00fcber die Strobeltsbroen nach Seeland. Halt in Roskilde mit Besuch des Domes und des Wikingermuseums. Auf dem Weg zum Hotel Halt am Nationalmuseum Fredriksborg Schloss; Besuch mit ggf. F\u00fchrung. Fahrt zum Hotel.<br \/>\n5.Tag: Kopenhagen: Stadtrundfahrt und Aufenthalt.<br \/>\n6.Tag: Fahrt entlang K\u00f8ge Bugt nach M\u00f8n und Besuch der Kreidefelsen. Weiter nach Gedser und F\u00e4hr-\u00dcberfahrt nach Rostock; Zwischen\u00fcbernachtung z.B. im Raum G\u00fcstrow.<br \/>\n7.Tag: Heimreise<\/p>\n<\/div><\/div>\n<div class=\"su-spoiler su-spoiler-style-fancy su-spoiler-icon-plus su-spoiler-closed\" data-scroll-offset=\"0\" data-anchor-in-url=\"no\"><div class=\"su-spoiler-title\" tabindex=\"0\" role=\"button\"><span class=\"su-spoiler-icon\"><\/span>komplette Reiseangebote<\/div><div class=\"su-spoiler-content su-u-clearfix su-u-trim\">\n<p>Mit unterschiedlichen Themen bzw. weiteren Tagesausfl\u00fcgen k\u00f6nnen Sie bei uns auch komplette Reisen erhalten. <em>All inclusive<\/em>-Angebote (au\u00dfer Bus) bieten wir Ihnen f\u00fcr:<\/p>\n<ul>\n<li>Weihnachtsm\u00e4rkte im Norden<\/li>\n<li>Ostseek\u00fcste mit Kopenhagen (DK)<\/li>\n<li>Zeit der Hanse mit L\u00fcbeck<\/li>\n<\/ul>\n<p>Preise und inkludierte Leistungen sind abh\u00e4ngig vom Hotelstandort und der Aufenthaltsdauer. Nennen Sie uns Ihre W\u00fcnsche, gerne erstellen wir dann ein sch\u00f6nes Programm f\u00fcr Sie!<\/p>\n<\/div><\/div>\n<div class=\"su-spoiler su-spoiler-style-fancy su-spoiler-icon-plus su-spoiler-closed\" data-scroll-offset=\"0\" data-anchor-in-url=\"no\"><div class=\"su-spoiler-title\" tabindex=\"0\" role=\"button\"><span class=\"su-spoiler-icon\"><\/span>Saisoner\u00f6ffnungs- und Abschlussfahrten<\/div><div class=\"su-spoiler-content su-u-clearfix su-u-trim\">\nAufgrund unserer Erfahrung mit Reisen dieser besonderen Art bieten wir Ihnen an, ein entsprechendes Programm zu erstellen. Mit bis zu acht Bussen gleichzeitig, erleben die G\u00e4ste bei gegens\u00e4tzlichen Uml\u00e4ufen und variierenden Zeiten die selben &#8222;Highlights&#8220; des jeweiligen Ausfluges.<\/p>\n<p>Sprechen Sie uns an!<\/p>\n<\/div><\/div>\n","protected":false},"excerpt":{"rendered":"","protected":false},"author":1,"featured_media":0,"parent":0,"menu_order":0,"comment_status":"closed","ping_status":"closed","template":"","meta":[],"_links":{"self":[{"href":"https:\/\/www.geoconsult-mv.de\/index.php?rest_route=\/wp\/v2\/pages\/86"}],"collection":[{"href":"https:\/\/www.geoconsult-mv.de\/index.php?rest_route=\/wp\/v2\/pages"}],"about":[{"href":"https:\/\/www.geoconsult-mv.de\/index.php?rest_route=\/wp\/v2\/types\/page"}],"author":[{"embeddable":true,"href":"https:\/\/www.geoconsult-mv.de\/index.php?rest_route=\/wp\/v2\/users\/1"}],"replies":[{"embeddable":true,"href":"https:\/\/www.geoconsult-mv.de\/index.php?rest_route=%2Fwp%2Fv2%2Fcomments&post=86"}],"version-history":[{"count":37,"href":"https:\/\/www.geoconsult-mv.de\/index.php?rest_route=\/wp\/v2\/pages\/86\/revisions"}],"predecessor-version":[{"id":208,"href":"https:\/\/www.geoconsult-mv.de\/index.php?rest_route=\/wp\/v2\/pages\/86\/revisions\/208"}],"wp:attachment":[{"href":"https:\/\/www.geoconsult-mv.de\/index.php?rest_route=%2Fwp%2Fv2%2Fmedia&parent=86"}],"curies":[{"name":"wp","href":"https:\/\/api.w.org\/{rel}","templated":true}]}}