{"id":67,"date":"2012-04-22T17:40:04","date_gmt":"2012-04-22T17:40:04","guid":{"rendered":"http:\/\/www.geoconsult-mv.de\/?page_id=67"},"modified":"2018-11-21T20:54:37","modified_gmt":"2018-11-21T20:54:37","slug":"wir-uber-uns","status":"publish","type":"page","link":"https:\/\/www.geoconsult-mv.de\/?page_id=67","title":{"rendered":"\u00dcber uns"},"content":{"rendered":"<p>Die GEO-Consult hat bundesweit einen sehr guten Ruf; das bringt es mit sich, dass nicht nur zahlreiche Reiseveranstalter uns f\u00fcr Ihre G\u00e4ste\u00adbetreuung vor Ort buchen, sondern wir auch exklusiv im Auftrag f\u00fcr verschiedene Hotels in Mecklenburg-Vorpommern fahren.<\/p>\n<p>Wir k\u00f6nnen auf einen Stamm von Honorarkr\u00e4ften zur\u00fcckgreifen und fahren im ganzen Land; Tagestouren nach Hamburg, Kopenhagen und Stettin sind ebenfalls m\u00f6glich. Sollten Sie ausl\u00e4ndische G\u00e4ste haben, bieten wir Ihnen auch fremdsprachliche Reiseleitungen an. Stadtf\u00fchrungen bieten wir in fast allen St\u00e4dten des Landes an; dies mag interessant f\u00fcr Ihre G\u00e4ste u.a. auf der An-\/Abreise sein.<\/p>\n<p>Im \u00dcbrigen fahren wir ab den meisten Hotel-Standorten im Land! Ein Einsatz z.B. ab G\u00fcstrow, Schwerin, Rostock, Stralsund, Neubrandenburg oder Seenplatte ist problemlos m\u00f6glich!<\/p>\n<p>Kostenlos erstellen wir Programmvorschl\u00e4ge auf die jeweilige Reise bzw. erarbeiten ein technisches Reiseprogramm nach Wunsch des Kunden. Selbstverst\u00e4ndlich \u00fcbernehmen wir Buchungen f\u00fcr Schifffahrten, Besich\u00adtigungen etc.<\/p>\n<p>Unsere Devise ist &#8222;weniger ist mehr&#8220; und wir stellen fest, dass dieser Modus mit ruhigen, gleichwohl interessanten und informativen Reise\u00adtagen von den G\u00e4sten dankbar angenommen wird. Nat\u00fcrlich geht alles nach Wunsch; allerdings beraten wir wenn wir feststellen, dass m\u00f6gliche Kundenw\u00fcnsche nicht realisierbar (z.B. Fahrtzeiten) sind.<\/p>\n<p>Die hohe Qualit\u00e4t unserer Leistung, zusammen mit dem kompetenten Auf\u00adtreten unserer Mitarbeiter sowie unsere moderaten Honorar-Strukturen sind urs\u00e4chlich f\u00fcr den guten<br \/>\nErfolg der GEO-Consult. Wir betreuen exklusiv \u00fcber einhundert Reise\u00adveranstalter und sind von der BUGA-Schwerin 2009 GmbH als unter den f\u00fcnf erfolgreichsten Gruppenbuchern ausgezeichnet worden!<\/p>\n<p>Schauen Sie sich alles in Ruhe an! Gerne sind wir dann &#8211; ab (fast) jedem Standort im Land &#8211; zuk\u00fcnftig Ihr Ansprechpartner f\u00fcr alle Ihre touristischen Belange hier im Norden!<\/p>\n","protected":false},"excerpt":{"rendered":"<p>Die GEO-Consult hat bundesweit einen sehr guten Ruf; das bringt es mit sich, dass nicht nur zahlreiche Reiseveranstalter uns f\u00fcr Ihre G\u00e4ste\u00adbetreuung vor Ort buchen, sondern wir auch exklusiv im Auftrag f\u00fcr verschiedene Hotels in Mecklenburg-Vorpommern fahren. Wir k\u00f6nnen auf &hellip; <a href=\"https:\/\/www.geoconsult-mv.de\/?page_id=67\">Weiterlesen <span class=\"meta-nav\">&rarr;<\/span><\/a><\/p>\n","protected":false},"author":2,"featured_media":0,"parent":0,"menu_order":1,"comment_status":"closed","ping_status":"closed","template":"","meta":[],"_links":{"self":[{"href":"https:\/\/www.geoconsult-mv.de\/index.php?rest_route=\/wp\/v2\/pages\/67"}],"collection":[{"href":"https:\/\/www.geoconsult-mv.de\/index.php?rest_route=\/wp\/v2\/pages"}],"about":[{"href":"https:\/\/www.geoconsult-mv.de\/index.php?rest_route=\/wp\/v2\/types\/page"}],"author":[{"embeddable":true,"href":"https:\/\/www.geoconsult-mv.de\/index.php?rest_route=\/wp\/v2\/users\/2"}],"replies":[{"embeddable":true,"href":"https:\/\/www.geoconsult-mv.de\/index.php?rest_route=%2Fwp%2Fv2%2Fcomments&post=67"}],"version-history":[{"count":11,"href":"https:\/\/www.geoconsult-mv.de\/index.php?rest_route=\/wp\/v2\/pages\/67\/revisions"}],"predecessor-version":[{"id":192,"href":"https:\/\/www.geoconsult-mv.de\/index.php?rest_route=\/wp\/v2\/pages\/67\/revisions\/192"}],"wp:attachment":[{"href":"https:\/\/www.geoconsult-mv.de\/index.php?rest_route=%2Fwp%2Fv2%2Fmedia&parent=67"}],"curies":[{"name":"wp","href":"https:\/\/api.w.org\/{rel}","templated":true}]}}