{"id":31,"date":"2012-02-09T15:18:53","date_gmt":"2012-02-09T15:18:53","guid":{"rendered":"http:\/\/www.geoconsult-mv.de\/?page_id=31"},"modified":"2023-12-03T12:13:43","modified_gmt":"2023-12-03T12:13:43","slug":"preise","status":"publish","type":"page","link":"https:\/\/www.geoconsult-mv.de\/?page_id=31","title":{"rendered":"Preise"},"content":{"rendered":"<p>Es gelten folgende Tarife (Stand 01.01.2024):<\/p>\n[wpspoiler name=&#8217;Unsere Tarifstaffel&#8216;]\n<p>Wir berechnen je<\/p>\n<p><strong>Tag Reiseleitung<\/strong> (deutsch\/Inland\/Bus)\u00a0 <strong>\u00a0 \u00a0 \u00a0 \u00a0 \u00a0 \u00a0 ab EUR\u00a0 240,00<\/strong> (inkl. Mwst.)<\/p>\n<p><strong>Halb-Tagesreiseleitung<\/strong> (deutsch\/Inland)\u00a0 \u00a0 \u00a0 \u00a0 \u00a0 <strong>ab<\/strong> <strong>EUR\u00a0 \u00a0150,00 <\/strong>(inkl. Mwst.)<\/p>\n<p><strong>\u201eNur\u201c-Stadtf\u00fchrung:<\/strong>\u00a0 \u00a0 \u00a0 \u00a0 \u00a0 \u00a0 \u00a0 \u00a0 \u00a0 \u00a0 \u00a0 \u00a0 \u00a0 \u00a0 \u00a0 \u00a0 \u00a0 \u00a0 \u00a0 \u00a0 \u00a0<strong>ab<\/strong> <strong>EUR\u00a0 \u00a0 \u00a095,00<\/strong> (inkl. Mwst.)<br \/>\nz.B. Schwerin, Wismar, Rostock, G\u00fcstrow, Neubrandenburg; weitere auf Anfrage<\/p>\n<p><strong>Auslandsbegleitung: \u00a0\u00a0<\/strong>\u00a0 \u00a0 \u00a0 \u00a0 \u00a0 \u00a0 \u00a0 \u00a0 \u00a0 \u00a0 \u00a0 \u00a0 \u00a0 \u00a0 \u00a0 \u00a0 \u00a0 \u00a0 \u00a0<strong>\u00a0 \u00a0ab<\/strong> \u00a0<strong>EUR\u00a0 240,00<\/strong> \/ Tag inkl. Mwst;<\/p>\n<p>Bei Mehrtagesreisen mit Freiplatz EZ\/HP\u00a0 \u00a0 \u00a0 \u00a0 \u00a0 \u00a0 \u00a0 \u00a0 \u00a0 \u00a0 <strong>EUR\u00a0 240,00<\/strong> \/ Tag inkl. Mwst.<\/p>\n<p>Tagesfahrten (z.B. Malm\u00f6, Insel M\u00f6n, Kopenhagen\u00a0 \u00a0 <strong>EUR\u00a0 260,00<\/strong>\u00a0 inkl. Mwst.<\/p>\n<ul>\n<li><em>Mwst.<strong> nicht<\/strong><\/em> bei\u00a0<span style=\"font-weight: 300;\">Drittl\u00e4nder wie z.B. Norwegen (hier gilt &#8222;brutto = netto&#8220;);\u00a0 \u00a0 \u00a0 \u00a0 \u00a0 \u00a0<\/span><\/li>\n<li><span style=\"font-weight: 300;\">zzgl. EZ\/HP f\u00fcr den Reiseleiter w\u00e4hrend der Reise.<\/span><\/li>\n<\/ul>\n<p><strong>fremdsprachliche Reiseleitung:\u00a0<\/strong>\u00a0 \u00a0 \u00a0 \u00a0 \u00a0 \u00a0 \u00a0 \u00a0 \u00a0 \u00a0 \u00a0<strong> ab<\/strong> <strong>EUR 300,00<\/strong>\u00a0\/Tag inkl. Mwst<br \/>\nBei fremdsprachlichen Reiseleitungen berechnen wir, unabh\u00e4ngig von der Dauer des Einsatzes, ausschlie\u00dflich ganze Tage (Bsp.: Kreuzfahrtschiffbegleitung)<\/p>\n<p><strong>Der Hinweis &#8222;ab&#8220; bezieht sich auf ggf. zu erhebene An-\/Abfahrtskosten<\/strong><\/p>\n<p><strong>An besonderen Tagen wie z.B. Oster- und Pfingstsonnabend, Heiligabend und Sylvester, aber auch an gesetzlichen Feiertagen wie Himmelfahrt, Ostern und zu Weihnachten\/Neujahr etc. erheben wir einen Zuschlag auf das jeweilige\u00a0 Tageshonorar.<\/strong><\/p>\n<p><strong><span style=\"color: #ff0000;\">WICHTIG:<\/span> <span style=\"color: #ff6600;\">Bei l\u00e4ngerer Anfahrt erheben wir nach Absprache einen Aufschlag.<\/span><\/strong><\/p>\n<p>Wir berechnen <span style=\"text-decoration: underline;\">keine<\/span> Stornogeb\u00fchren, bitten aber dennoch h\u00f6flich um Benachrichtigung, falls Sie einen Termin nicht wahrnehmen m\u00f6chten.<br \/>\nEs steht unseren Kunden frei, ob der Fahrer\/Gruppenleiter w\u00e4hrend der Reise bar gegen quittierte Rechnung bezahlt oder wir nach Abschluss der Reise eine Rechnung zur \u00dcberweisung versenden. Zahlbar 14 Tage nach Erhalt ohne Abzug.[\/wpspoiler]\n","protected":false},"excerpt":{"rendered":"<p>Es gelten folgende Tarife (Stand 01.01.2024): [wpspoiler name=&#8217;Unsere Tarifstaffel&#8216;] Wir berechnen je Tag Reiseleitung (deutsch\/Inland\/Bus)\u00a0 \u00a0 \u00a0 \u00a0 \u00a0 \u00a0 \u00a0 ab EUR\u00a0 240,00 (inkl. Mwst.) Halb-Tagesreiseleitung (deutsch\/Inland)\u00a0 \u00a0 \u00a0 \u00a0 \u00a0 ab EUR\u00a0 \u00a0150,00 (inkl. Mwst.) \u201eNur\u201c-Stadtf\u00fchrung:\u00a0 \u00a0 \u00a0 &hellip; <a href=\"https:\/\/www.geoconsult-mv.de\/?page_id=31\">Weiterlesen <span class=\"meta-nav\">&rarr;<\/span><\/a><\/p>\n","protected":false},"author":2,"featured_media":0,"parent":0,"menu_order":0,"comment_status":"closed","ping_status":"closed","template":"","meta":[],"_links":{"self":[{"href":"https:\/\/www.geoconsult-mv.de\/index.php?rest_route=\/wp\/v2\/pages\/31"}],"collection":[{"href":"https:\/\/www.geoconsult-mv.de\/index.php?rest_route=\/wp\/v2\/pages"}],"about":[{"href":"https:\/\/www.geoconsult-mv.de\/index.php?rest_route=\/wp\/v2\/types\/page"}],"author":[{"embeddable":true,"href":"https:\/\/www.geoconsult-mv.de\/index.php?rest_route=\/wp\/v2\/users\/2"}],"replies":[{"embeddable":true,"href":"https:\/\/www.geoconsult-mv.de\/index.php?rest_route=%2Fwp%2Fv2%2Fcomments&post=31"}],"version-history":[{"count":52,"href":"https:\/\/www.geoconsult-mv.de\/index.php?rest_route=\/wp\/v2\/pages\/31\/revisions"}],"predecessor-version":[{"id":210,"href":"https:\/\/www.geoconsult-mv.de\/index.php?rest_route=\/wp\/v2\/pages\/31\/revisions\/210"}],"wp:attachment":[{"href":"https:\/\/www.geoconsult-mv.de\/index.php?rest_route=%2Fwp%2Fv2%2Fmedia&parent=31"}],"curies":[{"name":"wp","href":"https:\/\/api.w.org\/{rel}","templated":true}]}}